{"id":97,"date":"2023-11-14T08:49:04","date_gmt":"2023-11-14T08:49:04","guid":{"rendered":"https:\/\/kannistooy.fi\/index.php\/contact-us\/"},"modified":"2023-11-20T17:31:03","modified_gmt":"2023-11-20T17:31:03","slug":"contact-us","status":"publish","type":"page","link":"https:\/\/kannistooy.fi\/index.php\/contact-us\/","title":{"rendered":"Contact Us"},"content":{"rendered":"\t\t<div data-elementor-type=\"wp-page\" data-elementor-id=\"97\" class=\"elementor elementor-97\">\n\t\t\t\t<div class=\"elementor-element elementor-element-3776f1c8 e-con-full e-flex e-con e-parent\" data-id=\"3776f1c8\" data-element_type=\"container\" data-e-type=\"container\">\n\t\t<div class=\"elementor-element elementor-element-6ad31cf5 e-con-full e-flex e-con e-child\" data-id=\"6ad31cf5\" data-element_type=\"container\" data-e-type=\"container\" data-settings=\"{&quot;background_background&quot;:&quot;classic&quot;}\">\n\t\t\t\t<div class=\"elementor-element elementor-element-4ee7fab0 elementor-widget elementor-widget-heading\" data-id=\"4ee7fab0\" data-element_type=\"widget\" data-e-type=\"widget\" data-widget_type=\"heading.default\">\n\t\t\t\t<div class=\"elementor-widget-container\">\n\t\t\t\t\t<h1 class=\"elementor-heading-title elementor-size-default\">Ota yhteytt\u00e4!<\/h1>\t\t\t\t<\/div>\n\t\t\t\t<\/div>\n\t\t\t\t<\/div>\n\t\t<div class=\"elementor-element elementor-element-557c6f9e e-con-full e-flex e-con e-child\" data-id=\"557c6f9e\" data-element_type=\"container\" data-e-type=\"container\">\n\t\t\t\t<div class=\"elementor-element elementor-element-5759e044 elementor-widget-tablet__width-initial elementor-widget__width-initial elementor-widget elementor-widget-icon-box\" data-id=\"5759e044\" data-element_type=\"widget\" data-e-type=\"widget\" data-widget_type=\"icon-box.default\">\n\t\t\t\t<div class=\"elementor-widget-container\">\n\t\t\t\t\t\t\t<div class=\"elementor-icon-box-wrapper\">\n\n\t\t\t\n\t\t\t\t\t\t<div class=\"elementor-icon-box-content\">\n\n\t\t\t\t\t\t\t\t\t<h4 class=\"elementor-icon-box-title\">\n\t\t\t\t\t\t<span  >\n\t\t\t\t\t\t\tPuhelin\t\t\t\t\t\t<\/span>\n\t\t\t\t\t<\/h4>\n\t\t\t\t\n\t\t\t\t\t\t\t\t\t<p class=\"elementor-icon-box-description\">\n\t\t\t\t\t\t0400 366 856\n\t\t\t\t\t<\/p>\n\t\t\t\t\n\t\t\t<\/div>\n\t\t\t\n\t\t<\/div>\n\t\t\t\t\t\t<\/div>\n\t\t\t\t<\/div>\n\t\t\t\t<div class=\"elementor-element elementor-element-3df6039 elementor-widget-tablet__width-initial elementor-widget__width-initial elementor-widget elementor-widget-icon-box\" data-id=\"3df6039\" data-element_type=\"widget\" data-e-type=\"widget\" data-widget_type=\"icon-box.default\">\n\t\t\t\t<div class=\"elementor-widget-container\">\n\t\t\t\t\t\t\t<div class=\"elementor-icon-box-wrapper\">\n\n\t\t\t\n\t\t\t\t\t\t<div class=\"elementor-icon-box-content\">\n\n\t\t\t\t\t\t\t\t\t<h4 class=\"elementor-icon-box-title\">\n\t\t\t\t\t\t<span  >\n\t\t\t\t\t\t\tS\u00e4hk\u00f6posti\t\t\t\t\t\t<\/span>\n\t\t\t\t\t<\/h4>\n\t\t\t\t\n\t\t\t\t\t\t\t\t\t<p class=\"elementor-icon-box-description\">\n\t\t\t\t\t\tkeijo.paasivirta@kannistooy.fi\n\t\t\t\t\t<\/p>\n\t\t\t\t\n\t\t\t<\/div>\n\t\t\t\n\t\t<\/div>\n\t\t\t\t\t\t<\/div>\n\t\t\t\t<\/div>\n\t\t\t\t<\/div>\n\t\t\t\t<\/div>\n\t\t<div class=\"elementor-element elementor-element-6b7fcd4f e-flex e-con-boxed e-con e-parent\" data-id=\"6b7fcd4f\" data-element_type=\"container\" data-e-type=\"container\" data-settings=\"{&quot;background_background&quot;:&quot;classic&quot;}\">\n\t\t\t\t\t<div class=\"e-con-inner\">\n\t\t\t\t<div class=\"elementor-element elementor-element-51c5a2d elementor-widget elementor-widget-image\" data-id=\"51c5a2d\" data-element_type=\"widget\" data-e-type=\"widget\" data-widget_type=\"image.default\">\n\t\t\t\t<div class=\"elementor-widget-container\">\n\t\t\t\t\t\t\t\t\t\t\t\t\t\t\t<img decoding=\"async\" src=\"https:\/\/kannistooy.fi\/wp-content\/uploads\/2023\/11\/DSC_0256-scaled-e1700501377185.jpg\" title=\"DSC_0256\" alt=\"DSC_0256\" loading=\"lazy\" \/>\t\t\t\t\t\t\t\t\t\t\t\t\t\t\t<\/div>\n\t\t\t\t<\/div>\n\t\t\t\t\t<\/div>\n\t\t\t\t<\/div>\n\t\t\t\t<\/div>\n\t\t","protected":false},"excerpt":{"rendered":"<p>Ota yhteytt\u00e4! Puhelin 0400 366 856 S\u00e4hk\u00f6posti keijo.paasivirta@kannistooy.fi<\/p>\n","protected":false},"author":1,"featured_media":0,"parent":0,"menu_order":0,"comment_status":"closed","ping_status":"closed","template":"elementor_header_footer","meta":{"footnotes":""},"class_list":["post-97","page","type-page","status-publish","hentry"],"yoast_head":"<!-- This site is optimized with the Yoast SEO plugin v27.2 - https:\/\/yoast.com\/product\/yoast-seo-wordpress\/ -->\n<title>Contact Us - Kannisto Oy<\/title>\n<meta name=\"robots\" content=\"index, follow, max-snippet:-1, max-image-preview:large, max-video-preview:-1\" \/>\n<link rel=\"canonical\" href=\"https:\/\/kannistooy.fi\/index.php\/contact-us\/\" \/>\n<meta property=\"og:locale\" content=\"fi_FI\" \/>\n<meta property=\"og:type\" content=\"article\" \/>\n<meta property=\"og:title\" content=\"Contact Us - Kannisto Oy\" \/>\n<meta property=\"og:description\" content=\"Ota yhteytt\u00e4! Puhelin 0400 366 856 S\u00e4hk\u00f6posti keijo.paasivirta@kannistooy.fi\" \/>\n<meta property=\"og:url\" content=\"https:\/\/kannistooy.fi\/index.php\/contact-us\/\" \/>\n<meta property=\"og:site_name\" content=\"Kannisto Oy\" \/>\n<meta property=\"article:modified_time\" content=\"2023-11-20T17:31:03+00:00\" \/>\n<meta property=\"og:image\" content=\"https:\/\/kannistooy.fi\/wp-content\/uploads\/2023\/11\/DSC_0256-scaled-e1700501377185.jpg\" \/>\n<meta name=\"twitter:card\" content=\"summary_large_image\" \/>\n<meta name=\"twitter:label1\" content=\"Arvioitu lukuaika\" \/>\n\t<meta name=\"twitter:data1\" content=\"1 minuutti\" \/>\n<script type=\"application\/ld+json\" class=\"yoast-schema-graph\">{\"@context\":\"https:\/\/schema.org\",\"@graph\":[{\"@type\":\"WebPage\",\"@id\":\"https:\/\/kannistooy.fi\/index.php\/contact-us\/\",\"url\":\"https:\/\/kannistooy.fi\/index.php\/contact-us\/\",\"name\":\"Contact Us - Kannisto Oy\",\"isPartOf\":{\"@id\":\"https:\/\/kannistooy.fi\/#website\"},\"primaryImageOfPage\":{\"@id\":\"https:\/\/kannistooy.fi\/index.php\/contact-us\/#primaryimage\"},\"image\":{\"@id\":\"https:\/\/kannistooy.fi\/index.php\/contact-us\/#primaryimage\"},\"thumbnailUrl\":\"https:\/\/kannistooy.fi\/wp-content\/uploads\/2023\/11\/DSC_0256-scaled-e1700501377185.jpg\",\"datePublished\":\"2023-11-14T08:49:04+00:00\",\"dateModified\":\"2023-11-20T17:31:03+00:00\",\"breadcrumb\":{\"@id\":\"https:\/\/kannistooy.fi\/index.php\/contact-us\/#breadcrumb\"},\"inLanguage\":\"fi\",\"potentialAction\":[{\"@type\":\"ReadAction\",\"target\":[\"https:\/\/kannistooy.fi\/index.php\/contact-us\/\"]}]},{\"@type\":\"ImageObject\",\"inLanguage\":\"fi\",\"@id\":\"https:\/\/kannistooy.fi\/index.php\/contact-us\/#primaryimage\",\"url\":\"https:\/\/kannistooy.fi\/wp-content\/uploads\/2023\/11\/DSC_0256-scaled-e1700501377185.jpg\",\"contentUrl\":\"https:\/\/kannistooy.fi\/wp-content\/uploads\/2023\/11\/DSC_0256-scaled-e1700501377185.jpg\",\"width\":2560,\"height\":1322},{\"@type\":\"BreadcrumbList\",\"@id\":\"https:\/\/kannistooy.fi\/index.php\/contact-us\/#breadcrumb\",\"itemListElement\":[{\"@type\":\"ListItem\",\"position\":1,\"name\":\"Etusivu\",\"item\":\"https:\/\/kannistooy.fi\/\"},{\"@type\":\"ListItem\",\"position\":2,\"name\":\"Contact Us\"}]},{\"@type\":\"WebSite\",\"@id\":\"https:\/\/kannistooy.fi\/#website\",\"url\":\"https:\/\/kannistooy.fi\/\",\"name\":\"Kannisto Oy\",\"description\":\"Bioenergian ammattilainen\",\"publisher\":{\"@id\":\"https:\/\/kannistooy.fi\/#organization\"},\"potentialAction\":[{\"@type\":\"SearchAction\",\"target\":{\"@type\":\"EntryPoint\",\"urlTemplate\":\"https:\/\/kannistooy.fi\/?s={search_term_string}\"},\"query-input\":{\"@type\":\"PropertyValueSpecification\",\"valueRequired\":true,\"valueName\":\"search_term_string\"}}],\"inLanguage\":\"fi\"},{\"@type\":\"Organization\",\"@id\":\"https:\/\/kannistooy.fi\/#organization\",\"name\":\"Kannisto Oy\",\"url\":\"https:\/\/kannistooy.fi\/\",\"logo\":{\"@type\":\"ImageObject\",\"inLanguage\":\"fi\",\"@id\":\"https:\/\/kannistooy.fi\/#\/schema\/logo\/image\/\",\"url\":\"https:\/\/kannistooy.fi\/wp-content\/uploads\/2023\/07\/Kanniston-logo.png\",\"contentUrl\":\"https:\/\/kannistooy.fi\/wp-content\/uploads\/2023\/07\/Kanniston-logo.png\",\"width\":3220,\"height\":1925,\"caption\":\"Kannisto Oy\"},\"image\":{\"@id\":\"https:\/\/kannistooy.fi\/#\/schema\/logo\/image\/\"}}]}<\/script>\n<!-- \/ Yoast SEO plugin. -->","yoast_head_json":{"title":"Contact Us - Kannisto Oy","robots":{"index":"index","follow":"follow","max-snippet":"max-snippet:-1","max-image-preview":"max-image-preview:large","max-video-preview":"max-video-preview:-1"},"canonical":"https:\/\/kannistooy.fi\/index.php\/contact-us\/","og_locale":"fi_FI","og_type":"article","og_title":"Contact Us - Kannisto Oy","og_description":"Ota yhteytt\u00e4! Puhelin 0400 366 856 S\u00e4hk\u00f6posti keijo.paasivirta@kannistooy.fi","og_url":"https:\/\/kannistooy.fi\/index.php\/contact-us\/","og_site_name":"Kannisto Oy","article_modified_time":"2023-11-20T17:31:03+00:00","og_image":[{"url":"https:\/\/kannistooy.fi\/wp-content\/uploads\/2023\/11\/DSC_0256-scaled-e1700501377185.jpg","type":"","width":"","height":""}],"twitter_card":"summary_large_image","twitter_misc":{"Arvioitu lukuaika":"1 minuutti"},"schema":{"@context":"https:\/\/schema.org","@graph":[{"@type":"WebPage","@id":"https:\/\/kannistooy.fi\/index.php\/contact-us\/","url":"https:\/\/kannistooy.fi\/index.php\/contact-us\/","name":"Contact Us - Kannisto Oy","isPartOf":{"@id":"https:\/\/kannistooy.fi\/#website"},"primaryImageOfPage":{"@id":"https:\/\/kannistooy.fi\/index.php\/contact-us\/#primaryimage"},"image":{"@id":"https:\/\/kannistooy.fi\/index.php\/contact-us\/#primaryimage"},"thumbnailUrl":"https:\/\/kannistooy.fi\/wp-content\/uploads\/2023\/11\/DSC_0256-scaled-e1700501377185.jpg","datePublished":"2023-11-14T08:49:04+00:00","dateModified":"2023-11-20T17:31:03+00:00","breadcrumb":{"@id":"https:\/\/kannistooy.fi\/index.php\/contact-us\/#breadcrumb"},"inLanguage":"fi","potentialAction":[{"@type":"ReadAction","target":["https:\/\/kannistooy.fi\/index.php\/contact-us\/"]}]},{"@type":"ImageObject","inLanguage":"fi","@id":"https:\/\/kannistooy.fi\/index.php\/contact-us\/#primaryimage","url":"https:\/\/kannistooy.fi\/wp-content\/uploads\/2023\/11\/DSC_0256-scaled-e1700501377185.jpg","contentUrl":"https:\/\/kannistooy.fi\/wp-content\/uploads\/2023\/11\/DSC_0256-scaled-e1700501377185.jpg","width":2560,"height":1322},{"@type":"BreadcrumbList","@id":"https:\/\/kannistooy.fi\/index.php\/contact-us\/#breadcrumb","itemListElement":[{"@type":"ListItem","position":1,"name":"Etusivu","item":"https:\/\/kannistooy.fi\/"},{"@type":"ListItem","position":2,"name":"Contact Us"}]},{"@type":"WebSite","@id":"https:\/\/kannistooy.fi\/#website","url":"https:\/\/kannistooy.fi\/","name":"Kannisto Oy","description":"Bioenergian ammattilainen","publisher":{"@id":"https:\/\/kannistooy.fi\/#organization"},"potentialAction":[{"@type":"SearchAction","target":{"@type":"EntryPoint","urlTemplate":"https:\/\/kannistooy.fi\/?s={search_term_string}"},"query-input":{"@type":"PropertyValueSpecification","valueRequired":true,"valueName":"search_term_string"}}],"inLanguage":"fi"},{"@type":"Organization","@id":"https:\/\/kannistooy.fi\/#organization","name":"Kannisto Oy","url":"https:\/\/kannistooy.fi\/","logo":{"@type":"ImageObject","inLanguage":"fi","@id":"https:\/\/kannistooy.fi\/#\/schema\/logo\/image\/","url":"https:\/\/kannistooy.fi\/wp-content\/uploads\/2023\/07\/Kanniston-logo.png","contentUrl":"https:\/\/kannistooy.fi\/wp-content\/uploads\/2023\/07\/Kanniston-logo.png","width":3220,"height":1925,"caption":"Kannisto Oy"},"image":{"@id":"https:\/\/kannistooy.fi\/#\/schema\/logo\/image\/"}}]}},"_links":{"self":[{"href":"https:\/\/kannistooy.fi\/index.php\/wp-json\/wp\/v2\/pages\/97","targetHints":{"allow":["GET"]}}],"collection":[{"href":"https:\/\/kannistooy.fi\/index.php\/wp-json\/wp\/v2\/pages"}],"about":[{"href":"https:\/\/kannistooy.fi\/index.php\/wp-json\/wp\/v2\/types\/page"}],"author":[{"embeddable":true,"href":"https:\/\/kannistooy.fi\/index.php\/wp-json\/wp\/v2\/users\/1"}],"replies":[{"embeddable":true,"href":"https:\/\/kannistooy.fi\/index.php\/wp-json\/wp\/v2\/comments?post=97"}],"version-history":[{"count":31,"href":"https:\/\/kannistooy.fi\/index.php\/wp-json\/wp\/v2\/pages\/97\/revisions"}],"predecessor-version":[{"id":240,"href":"https:\/\/kannistooy.fi\/index.php\/wp-json\/wp\/v2\/pages\/97\/revisions\/240"}],"wp:attachment":[{"href":"https:\/\/kannistooy.fi\/index.php\/wp-json\/wp\/v2\/media?parent=97"}],"curies":[{"name":"wp","href":"https:\/\/api.w.org\/{rel}","templated":true}]}}